{"id":133,"date":"2022-07-20T12:59:30","date_gmt":"2022-07-20T10:59:30","guid":{"rendered":"https:\/\/gynekologiepraha6.cz\/?page_id=133"},"modified":"2026-01-27T07:52:39","modified_gmt":"2026-01-27T06:52:39","slug":"introduction-dr-simek","status":"publish","type":"page","link":"https:\/\/gynekologiepraha6.cz\/en\/","title":{"rendered":"Introduction Dr. \u0160imek"},"content":{"rendered":"\n<p class=\"has-vivid-red-color has-text-color has-link-color wp-elements-c83b05d1d79abc1a2ead560101491e13\"><strong>Holiday <strong>29.12-2.1 .2026<\/strong><\/strong>     29.1.2026 Thursday OPEN  12-18 h<\/p>\n\n\n\n<p class=\"has-vivid-red-color has-text-color has-link-color wp-elements-4c4bf282c5eab0eff6dbceed5a130a63\">If acute problems  &#8211; MUDr. Kittrich (ordinace naproti) tel.: 251 097 270 \/ Po, \u00dat, \u010ct: 8 &#8211; 12 h., St: 12 &#8211; 16 h.,<\/p>\n\n\n\n<p class=\"has-vivid-red-color has-text-color has-link-color wp-elements-38ad8dd13291da95233251b4e2cf22f6\">P\u00e1: neordinuje.<\/p>\n\n\n\n<p>Our gynecology &amp; obstetrics office is situated in Prague 6 for more than 17 years.<\/p>\n\n\n\n<p>We emphasize on high quality&nbsp; of medical care that we provide in comfortable place without waiting.<\/p>\n\n\n\n<p>Our doctors are fully specialized in gynecology &amp; obstetrics.<\/p>\n\n\n\n<h3 class=\"wp-block-heading\">3D\/4D Ultrasound Imaging<\/h3>\n\n\n\n<p>Our office offer 3D\/4D ultrasound imaging performed by latest sonographic unit Samsung H60including flash disc record.<\/p>\n\n\n\n<p>Optimal period for examination is between&nbsp; 24.-30. week of pregnancy.<\/p>\n\n\n\n<p>tel 702 255 254<\/p>\n","protected":false},"excerpt":{"rendered":"<p>Holiday 29.12-2.1 .2026 29.1.2026 Thursday OPEN 12-18 h If acute problems &#8211; MUDr. Kittrich (ordinace naproti) tel.: 251 097 270 \/ Po, \u00dat, \u010ct: 8 &#8211; 12 h., St: 12 &#8211; 16 h., P\u00e1: neordinuje. Our gynecology &amp; obstetrics office is situated in Prague 6 for more than 17 years. We emphasize on high quality&nbsp; <\/p>\n","protected":false},"author":1,"featured_media":0,"parent":0,"menu_order":10,"comment_status":"closed","ping_status":"closed","template":"page-home.php","meta":{"footnotes":""},"class_list":["post-133","page","type-page","status-publish","hentry"],"_links":{"self":[{"href":"https:\/\/gynekologiepraha6.cz\/en\/wp-json\/wp\/v2\/pages\/133","targetHints":{"allow":["GET"]}}],"collection":[{"href":"https:\/\/gynekologiepraha6.cz\/en\/wp-json\/wp\/v2\/pages"}],"about":[{"href":"https:\/\/gynekologiepraha6.cz\/en\/wp-json\/wp\/v2\/types\/page"}],"author":[{"embeddable":true,"href":"https:\/\/gynekologiepraha6.cz\/en\/wp-json\/wp\/v2\/users\/1"}],"replies":[{"embeddable":true,"href":"https:\/\/gynekologiepraha6.cz\/en\/wp-json\/wp\/v2\/comments?post=133"}],"version-history":[{"count":11,"href":"https:\/\/gynekologiepraha6.cz\/en\/wp-json\/wp\/v2\/pages\/133\/revisions"}],"predecessor-version":[{"id":383,"href":"https:\/\/gynekologiepraha6.cz\/en\/wp-json\/wp\/v2\/pages\/133\/revisions\/383"}],"wp:attachment":[{"href":"https:\/\/gynekologiepraha6.cz\/en\/wp-json\/wp\/v2\/media?parent=133"}],"curies":[{"name":"wp","href":"https:\/\/api.w.org\/{rel}","templated":true}]}}