{"id":153,"date":"2022-07-20T13:02:30","date_gmt":"2022-07-20T11:02:30","guid":{"rendered":"https:\/\/gynekologiepraha6.cz\/?page_id=153"},"modified":"2024-11-28T09:28:57","modified_gmt":"2024-11-28T08:28:57","slug":"contact","status":"publish","type":"page","link":"https:\/\/gynekologiepraha6.cz\/en\/contact\/","title":{"rendered":"CONTACT"},"content":{"rendered":"\n<div class=\"wp-block-columns is-layout-flex wp-container-core-columns-is-layout-9d6595d7 wp-block-columns-is-layout-flex\">\n<div class=\"wp-block-column is-layout-flow wp-block-column-is-layout-flow\">\n<h2 class=\"wp-block-heading\">MUDr. Robert \u0160IMEK<\/h2>\n\n\n\n<p>Cuore s.r.o.<br>Na dlouh\u00e9m l\u00e1nu 563\/11<br>160 00 Praha 6 Vokovice<br>I\u010c: 24181145<\/p>\n\n\n\n<p><strong>Office hours<\/strong><a href=\"\/en\/office-hours\/\"> &#8211; here<\/a><br><strong>Tel.:<\/strong> <a href=\"tel:+420251097281\">+420  702 255 254  <\/a><br><strong>E-mail:<\/strong> <a href=\"mailto:cuore@gynekologiepraha6.cz\" target=\"_blank\" rel=\"noreferrer noopener\">cuore@gynekologiepraha6.cz<\/a> \/ <a href=\"mailto:simek1@sendme.cz\" target=\"_blank\" rel=\"noreferrer noopener\">simek1@sendme.cz<\/a><\/p>\n\n\n\n<p><strong>It is not possible to order via e-mail!<\/strong><\/p>\n\n\n\n<p><strong>If you need a consultation, write an  <a rel=\"noreferrer noopener\" href=\"mailto:simek1@sendme.cz\" target=\"_blank\">e-mail<\/a> &#8211; we will advise!<\/strong><\/p>\n\n\n\n<figure class=\"wp-block-gallery alignleft has-nested-images columns-default is-cropped wp-block-gallery-1 is-layout-flex wp-block-gallery-is-layout-flex\">\n<figure class=\"wp-block-image size-large\"><a href=\"https:\/\/gynekologiepraha6.cz\/wp-content\/uploads\/2022\/08\/mudr_simek_2.jpg\"><img loading=\"lazy\" decoding=\"async\" width=\"540\" height=\"1200\" data-id=\"170\" src=\"https:\/\/gynekologiepraha6.cz\/wp-content\/uploads\/2022\/08\/mudr_simek_2.jpg\" alt=\"Our nurse\" class=\"wp-image-170\" srcset=\"https:\/\/gynekologiepraha6.cz\/wp-content\/uploads\/2022\/08\/mudr_simek_2.jpg 540w, https:\/\/gynekologiepraha6.cz\/wp-content\/uploads\/2022\/08\/mudr_simek_2-135x300.jpg 135w, https:\/\/gynekologiepraha6.cz\/wp-content\/uploads\/2022\/08\/mudr_simek_2-461x1024.jpg 461w\" sizes=\"auto, (max-width: 540px) 100vw, 540px\" \/><\/a><\/figure>\n\n\n\n<figure class=\"wp-block-image size-large\"><a href=\"https:\/\/gynekologiepraha6.cz\/wp-content\/uploads\/2022\/08\/mudr_simek_3.jpg\"><img loading=\"lazy\" decoding=\"async\" width=\"540\" height=\"1200\" data-id=\"168\" src=\"https:\/\/gynekologiepraha6.cz\/wp-content\/uploads\/2022\/08\/mudr_simek_3.jpg\" alt=\"Surgery\" class=\"wp-image-168\" srcset=\"https:\/\/gynekologiepraha6.cz\/wp-content\/uploads\/2022\/08\/mudr_simek_3.jpg 540w, https:\/\/gynekologiepraha6.cz\/wp-content\/uploads\/2022\/08\/mudr_simek_3-135x300.jpg 135w, https:\/\/gynekologiepraha6.cz\/wp-content\/uploads\/2022\/08\/mudr_simek_3-461x1024.jpg 461w\" sizes=\"auto, (max-width: 540px) 100vw, 540px\" \/><\/a><\/figure>\n\n\n\n<figure class=\"wp-block-image size-large\"><a href=\"https:\/\/gynekologiepraha6.cz\/wp-content\/uploads\/2022\/08\/mudr_simek_1.jpg\"><img loading=\"lazy\" decoding=\"async\" width=\"540\" height=\"1200\" data-id=\"172\" src=\"https:\/\/gynekologiepraha6.cz\/wp-content\/uploads\/2022\/08\/mudr_simek_1.jpg\" alt=\"MUDr. Robert \u0160imek\" class=\"wp-image-172\" srcset=\"https:\/\/gynekologiepraha6.cz\/wp-content\/uploads\/2022\/08\/mudr_simek_1.jpg 540w, https:\/\/gynekologiepraha6.cz\/wp-content\/uploads\/2022\/08\/mudr_simek_1-135x300.jpg 135w, https:\/\/gynekologiepraha6.cz\/wp-content\/uploads\/2022\/08\/mudr_simek_1-461x1024.jpg 461w\" sizes=\"auto, (max-width: 540px) 100vw, 540px\" \/><\/a><\/figure>\n<\/figure>\n<\/div>\n\n\n\n<div class=\"wp-block-column is-layout-flow wp-block-column-is-layout-flow\">\n<p><iframe src=\"https:\/\/www.google.com\/maps\/embed?pb=!1m18!1m12!1m3!1d2559.454100247056!2d14.365092899999999!3d50.0965068!2m3!1f0!2f0!3f0!3m2!1i1024!2i768!4f13.1!3m3!1m2!1s0x470b95685265b49f%3A0xea6c05280903725d!2sMUDr.%20Robert%20%C5%A0imek!5e0!3m2!1scs!2scz!4v1658672275415!5m2!1scs!2scz\" style=\"border:0;\" allowfullscreen=\"\" loading=\"lazy\" referrerpolicy=\"no-referrer-when-downgrade\" width=\"99%\" height=\"676\"><\/iframe><\/p>\n<\/div>\n<\/div>\n","protected":false},"excerpt":{"rendered":"<p>MUDr. Robert \u0160IMEK Cuore s.r.o.Na dlouh\u00e9m l\u00e1nu 563\/11160 00 Praha 6 VokoviceI\u010c: 24181145 Office hours &#8211; hereTel.: +420 702 255 254 E-mail: cuore@gynekologiepraha6.cz \/ simek1@sendme.cz It is not possible to order via e-mail! If you need a consultation, write an e-mail &#8211; we will advise!<\/p>\n","protected":false},"author":1,"featured_media":0,"parent":0,"menu_order":200,"comment_status":"closed","ping_status":"closed","template":"","meta":{"footnotes":""},"class_list":["post-153","page","type-page","status-publish","hentry"],"_links":{"self":[{"href":"https:\/\/gynekologiepraha6.cz\/en\/wp-json\/wp\/v2\/pages\/153","targetHints":{"allow":["GET"]}}],"collection":[{"href":"https:\/\/gynekologiepraha6.cz\/en\/wp-json\/wp\/v2\/pages"}],"about":[{"href":"https:\/\/gynekologiepraha6.cz\/en\/wp-json\/wp\/v2\/types\/page"}],"author":[{"embeddable":true,"href":"https:\/\/gynekologiepraha6.cz\/en\/wp-json\/wp\/v2\/users\/1"}],"replies":[{"embeddable":true,"href":"https:\/\/gynekologiepraha6.cz\/en\/wp-json\/wp\/v2\/comments?post=153"}],"version-history":[{"count":14,"href":"https:\/\/gynekologiepraha6.cz\/en\/wp-json\/wp\/v2\/pages\/153\/revisions"}],"predecessor-version":[{"id":331,"href":"https:\/\/gynekologiepraha6.cz\/en\/wp-json\/wp\/v2\/pages\/153\/revisions\/331"}],"wp:attachment":[{"href":"https:\/\/gynekologiepraha6.cz\/en\/wp-json\/wp\/v2\/media?parent=153"}],"curies":[{"name":"wp","href":"https:\/\/api.w.org\/{rel}","templated":true}]}}